{"id":501,"date":"2024-05-27T15:18:17","date_gmt":"2024-05-27T15:18:17","guid":{"rendered":"https:\/\/ovum.merakyn.net\/?page_id=501"},"modified":"2024-06-25T13:32:37","modified_gmt":"2024-06-25T13:32:37","slug":"sdg-juicer","status":"publish","type":"page","link":"https:\/\/ovum.ai\/index.php\/sdg-juicer\/","title":{"rendered":"SDG Juicer"},"content":{"rendered":"\t\t<div data-elementor-type=\"wp-page\" data-elementor-id=\"501\" class=\"elementor elementor-501\" data-elementor-post-type=\"page\">\n\t\t\t\t<div class=\"elementor-element elementor-element-78e4032 e-flex e-con-boxed e-con e-parent\" data-id=\"78e4032\" data-element_type=\"container\" data-settings=\"{&quot;background_background&quot;:&quot;video&quot;,&quot;background_video_link&quot;:&quot;https:\\\/\\\/ovum.ai\\\/wp-content\\\/uploads\\\/2024\\\/05\\\/startup.mp4&quot;,&quot;background_play_on_mobile&quot;:&quot;yes&quot;}\">\n\t\t\t\t\t<div class=\"e-con-inner\">\n\t\t<div class=\"elementor-background-video-container\">\n\t\t\t\t\t\t\t<video class=\"elementor-background-video-hosted elementor-html5-video\" autoplay muted playsinline loop><\/video>\n\t\t\t\t\t<\/div><div class=\"elementor-element elementor-element-3af4802 e-con-full e-flex e-con e-child\" data-id=\"3af4802\" data-element_type=\"container\">\n\t\t\t\t<div class=\"elementor-element elementor-element-c2d4f10 elementor-widget elementor-widget-heading\" data-id=\"c2d4f10\" data-element_type=\"widget\" data-widget_type=\"heading.default\">\n\t\t\t\t<div class=\"elementor-widget-container\">\n\t\t\t<style>\/*! elementor - v3.22.0 - 26-06-2024 *\/\n.elementor-heading-title{padding:0;margin:0;line-height:1}.elementor-widget-heading .elementor-heading-title[class*=elementor-size-]>a{color:inherit;font-size:inherit;line-height:inherit}.elementor-widget-heading .elementor-heading-title.elementor-size-small{font-size:15px}.elementor-widget-heading .elementor-heading-title.elementor-size-medium{font-size:19px}.elementor-widget-heading .elementor-heading-title.elementor-size-large{font-size:29px}.elementor-widget-heading .elementor-heading-title.elementor-size-xl{font-size:39px}.elementor-widget-heading .elementor-heading-title.elementor-size-xxl{font-size:59px}<\/style><h1 class=\"elementor-heading-title elementor-size-default\">SDG JUICER<\/h1>\t\t<\/div>\n\t\t\t\t<\/div>\n\t\t\t\t<div class=\"elementor-element elementor-element-409e024 elementor-widget elementor-widget-heading\" data-id=\"409e024\" data-element_type=\"widget\" data-widget_type=\"heading.default\">\n\t\t\t\t<div class=\"elementor-widget-container\">\n\t\t\t<h4 class=\"elementor-heading-title elementor-size-default\">La piattaforma che misura la sostenibilit\u00e0  aziendale<\/h4>\t\t<\/div>\n\t\t\t\t<\/div>\n\t\t\t\t<\/div>\n\t\t\t\t\t<\/div>\n\t\t\t\t<\/div>\n\t\t<div class=\"elementor-element elementor-element-dd5b4a7 e-flex e-con-boxed e-con e-parent\" data-id=\"dd5b4a7\" data-element_type=\"container\" data-settings=\"{&quot;background_background&quot;:&quot;classic&quot;}\">\n\t\t\t\t\t<div class=\"e-con-inner\">\n\t\t<div class=\"elementor-element elementor-element-037eddd e-con-full e-flex e-con e-child\" data-id=\"037eddd\" data-element_type=\"container\">\n\t\t<div class=\"elementor-element elementor-element-9e54d41 e-con-full e-flex e-con e-child\" data-id=\"9e54d41\" data-element_type=\"container\">\n\t\t\t\t<div class=\"elementor-element elementor-element-61e268a elementor-widget elementor-widget-image\" data-id=\"61e268a\" data-element_type=\"widget\" data-widget_type=\"image.default\">\n\t\t\t\t<div class=\"elementor-widget-container\">\n\t\t\t<style>\/*! elementor - v3.22.0 - 26-06-2024 *\/\n.elementor-widget-image{text-align:center}.elementor-widget-image a{display:inline-block}.elementor-widget-image a img[src$=\".svg\"]{width:48px}.elementor-widget-image img{vertical-align:middle;display:inline-block}<\/style>\t\t\t\t\t\t\t\t\t\t<img fetchpriority=\"high\" decoding=\"async\" width=\"800\" height=\"222\" src=\"https:\/\/ovum.ai\/wp-content\/uploads\/2024\/05\/sdgJuicer-color.svg\" class=\"attachment-large size-large wp-image-505\" alt=\"\" \/>\t\t\t\t\t\t\t\t\t\t\t\t\t<\/div>\n\t\t\t\t<\/div>\n\t\t\t\t<div class=\"elementor-element elementor-element-8674ed1 elementor-widget elementor-widget-text-editor\" data-id=\"8674ed1\" data-element_type=\"widget\" data-widget_type=\"text-editor.default\">\n\t\t\t\t<div class=\"elementor-widget-container\">\n\t\t\t<style>\/*! elementor - v3.22.0 - 26-06-2024 *\/\n.elementor-widget-text-editor.elementor-drop-cap-view-stacked .elementor-drop-cap{background-color:#69727d;color:#fff}.elementor-widget-text-editor.elementor-drop-cap-view-framed .elementor-drop-cap{color:#69727d;border:3px solid;background-color:transparent}.elementor-widget-text-editor:not(.elementor-drop-cap-view-default) .elementor-drop-cap{margin-top:8px}.elementor-widget-text-editor:not(.elementor-drop-cap-view-default) .elementor-drop-cap-letter{width:1em;height:1em}.elementor-widget-text-editor .elementor-drop-cap{float:left;text-align:center;line-height:1;font-size:50px}.elementor-widget-text-editor .elementor-drop-cap-letter{display:inline-block}<\/style>\t\t\t\t<p>SDG Juicer \u00e8 la 1a piattaforma che <strong>estrae gli SDG \u2013 <\/strong>Sustainable Development Goals \u2013<strong> dai documenti aziendali<\/strong> proponendo suggerimenti per il miglioramento dell\u2019impatto aziendale tramite Intelligenza Artificiale.<\/p>\t\t\t\t\t\t<\/div>\n\t\t\t\t<\/div>\n\t\t\t\t<div class=\"elementor-element elementor-element-8331199 elementor-align-left elementor-mobile-align-center elementor-invisible elementor-widget elementor-widget-button\" data-id=\"8331199\" data-element_type=\"widget\" data-settings=\"{&quot;_animation&quot;:&quot;zoomIn&quot;}\" data-widget_type=\"button.default\">\n\t\t\t\t<div class=\"elementor-widget-container\">\n\t\t\t\t\t<div class=\"elementor-button-wrapper\">\n\t\t\t<a class=\"elementor-button elementor-button-link elementor-size-sm\" href=\"https:\/\/sdgjuicer.com\/\">\n\t\t\t\t\t\t<span class=\"elementor-button-content-wrapper\">\n\t\t\t\t\t\t\t\t\t<span class=\"elementor-button-text\">vai al sito<\/span>\n\t\t\t\t\t<\/span>\n\t\t\t\t\t<\/a>\n\t\t<\/div>\n\t\t\t\t<\/div>\n\t\t\t\t<\/div>\n\t\t\t\t<\/div>\n\t\t<div class=\"elementor-element elementor-element-e65c6de e-con-full e-flex e-con e-child\" data-id=\"e65c6de\" data-element_type=\"container\">\n\t\t\t\t<div class=\"elementor-element elementor-element-c17ebf8 elementor-widget elementor-widget-video\" data-id=\"c17ebf8\" data-element_type=\"widget\" data-settings=\"{&quot;youtube_url&quot;:&quot;https:\\\/\\\/youtu.be\\\/6IAJfproNss&quot;,&quot;video_type&quot;:&quot;youtube&quot;,&quot;controls&quot;:&quot;yes&quot;}\" data-widget_type=\"video.default\">\n\t\t\t\t<div class=\"elementor-widget-container\">\n\t\t\t<style>\/*! elementor - v3.22.0 - 26-06-2024 *\/\n.elementor-widget-video .elementor-widget-container{overflow:hidden;transform:translateZ(0)}.elementor-widget-video .elementor-wrapper{aspect-ratio:var(--video-aspect-ratio)}.elementor-widget-video .elementor-wrapper iframe,.elementor-widget-video .elementor-wrapper video{height:100%;width:100%;display:flex;border:none;background-color:#000}@supports not (aspect-ratio:1\/1){.elementor-widget-video .elementor-wrapper{position:relative;overflow:hidden;height:0;padding-bottom:calc(100% \/ var(--video-aspect-ratio))}.elementor-widget-video .elementor-wrapper iframe,.elementor-widget-video .elementor-wrapper video{position:absolute;top:0;right:0;bottom:0;left:0}}.elementor-widget-video .elementor-open-inline .elementor-custom-embed-image-overlay{position:absolute;top:0;right:0;bottom:0;left:0;background-size:cover;background-position:50%}.elementor-widget-video .elementor-custom-embed-image-overlay{cursor:pointer;text-align:center}.elementor-widget-video .elementor-custom-embed-image-overlay:hover .elementor-custom-embed-play i{opacity:1}.elementor-widget-video .elementor-custom-embed-image-overlay img{display:block;width:100%;aspect-ratio:var(--video-aspect-ratio);-o-object-fit:cover;object-fit:cover;-o-object-position:center center;object-position:center center}@supports not (aspect-ratio:1\/1){.elementor-widget-video .elementor-custom-embed-image-overlay{position:relative;overflow:hidden;height:0;padding-bottom:calc(100% \/ var(--video-aspect-ratio))}.elementor-widget-video .elementor-custom-embed-image-overlay img{position:absolute;top:0;right:0;bottom:0;left:0}}.elementor-widget-video .e-hosted-video .elementor-video{-o-object-fit:cover;object-fit:cover}.e-con-inner>.elementor-widget-video,.e-con>.elementor-widget-video{width:var(--container-widget-width);--flex-grow:var(--container-widget-flex-grow)}<\/style>\t\t<div class=\"elementor-wrapper elementor-open-inline\">\n\t\t\t<div class=\"elementor-video\"><\/div>\t\t<\/div>\n\t\t\t\t<\/div>\n\t\t\t\t<\/div>\n\t\t\t\t<\/div>\n\t\t\t\t<\/div>\n\t\t\t\t\t<\/div>\n\t\t\t\t<\/div>\n\t\t<div class=\"elementor-element elementor-element-97e949b e-flex e-con-boxed e-con e-parent\" data-id=\"97e949b\" data-element_type=\"container\" data-settings=\"{&quot;background_background&quot;:&quot;classic&quot;}\">\n\t\t\t\t\t<div class=\"e-con-inner\">\n\t\t<div class=\"elementor-element elementor-element-7e4f9e0 e-con-full e-flex e-con e-child\" data-id=\"7e4f9e0\" data-element_type=\"container\">\n\t\t<div class=\"elementor-element elementor-element-4272214 e-con-full e-flex e-con e-child\" data-id=\"4272214\" data-element_type=\"container\">\n\t\t\t\t<div class=\"elementor-element elementor-element-06ad347 elementor-invisible elementor-widget elementor-widget-image\" data-id=\"06ad347\" data-element_type=\"widget\" data-settings=\"{&quot;motion_fx_motion_fx_scrolling&quot;:&quot;yes&quot;,&quot;motion_fx_translateY_effect&quot;:&quot;yes&quot;,&quot;motion_fx_translateY_direction&quot;:&quot;negative&quot;,&quot;motion_fx_translateY_affectedRange&quot;:{&quot;unit&quot;:&quot;%&quot;,&quot;size&quot;:&quot;&quot;,&quot;sizes&quot;:{&quot;start&quot;:55,&quot;end&quot;:100}},&quot;_animation&quot;:&quot;zoomIn&quot;,&quot;motion_fx_translateY_speed&quot;:{&quot;unit&quot;:&quot;px&quot;,&quot;size&quot;:4,&quot;sizes&quot;:[]},&quot;motion_fx_devices&quot;:[&quot;desktop&quot;,&quot;tablet&quot;,&quot;mobile&quot;]}\" data-widget_type=\"image.default\">\n\t\t\t\t<div class=\"elementor-widget-container\">\n\t\t\t\t\t\t\t\t\t\t\t\t\t<img decoding=\"async\" width=\"800\" height=\"805\" src=\"https:\/\/ovum.ai\/wp-content\/uploads\/2024\/05\/startup-grafica-1018x1024.png\" class=\"attachment-large size-large wp-image-504\" alt=\"\" srcset=\"https:\/\/ovum.ai\/wp-content\/uploads\/2024\/05\/startup-grafica-1018x1024.png 1018w, https:\/\/ovum.ai\/wp-content\/uploads\/2024\/05\/startup-grafica-298x300.png 298w, https:\/\/ovum.ai\/wp-content\/uploads\/2024\/05\/startup-grafica-150x150.png 150w, https:\/\/ovum.ai\/wp-content\/uploads\/2024\/05\/startup-grafica-768x772.png 768w, https:\/\/ovum.ai\/wp-content\/uploads\/2024\/05\/startup-grafica.png 1261w\" sizes=\"(max-width: 800px) 100vw, 800px\" \/>\t\t\t\t\t\t\t\t\t\t\t\t\t<\/div>\n\t\t\t\t<\/div>\n\t\t\t\t<\/div>\n\t\t<div class=\"elementor-element elementor-element-9edee3b e-con-full e-flex e-con e-child\" data-id=\"9edee3b\" data-element_type=\"container\">\n\t\t\t\t<div class=\"elementor-element elementor-element-0f72097 elementor-widget elementor-widget-heading\" data-id=\"0f72097\" data-element_type=\"widget\" data-widget_type=\"heading.default\">\n\t\t\t\t<div class=\"elementor-widget-container\">\n\t\t\t<h3 class=\"elementor-heading-title elementor-size-default\">COS\u2019\u00c8 SDG JUICER?<\/h3>\t\t<\/div>\n\t\t\t\t<\/div>\n\t\t\t\t<div class=\"elementor-element elementor-element-290e037 elementor-invisible elementor-widget elementor-widget-image\" data-id=\"290e037\" data-element_type=\"widget\" data-settings=\"{&quot;_animation&quot;:&quot;slideInLeft&quot;}\" data-widget_type=\"image.default\">\n\t\t\t\t<div class=\"elementor-widget-container\">\n\t\t\t\t\t\t\t\t\t\t\t\t\t<img decoding=\"async\" width=\"1001\" height=\"190\" src=\"https:\/\/ovum.ai\/wp-content\/uploads\/2024\/03\/Tavola-disegno-10-copia@2x.png\" class=\"attachment-full size-full wp-image-16\" alt=\"\" srcset=\"https:\/\/ovum.ai\/wp-content\/uploads\/2024\/03\/Tavola-disegno-10-copia@2x.png 1001w, https:\/\/ovum.ai\/wp-content\/uploads\/2024\/03\/Tavola-disegno-10-copia@2x-300x57.png 300w, https:\/\/ovum.ai\/wp-content\/uploads\/2024\/03\/Tavola-disegno-10-copia@2x-768x146.png 768w\" sizes=\"(max-width: 1001px) 100vw, 1001px\" \/>\t\t\t\t\t\t\t\t\t\t\t\t\t<\/div>\n\t\t\t\t<\/div>\n\t\t\t\t<div class=\"elementor-element elementor-element-477287a elementor-widget elementor-widget-text-editor\" data-id=\"477287a\" data-element_type=\"widget\" data-widget_type=\"text-editor.default\">\n\t\t\t\t<div class=\"elementor-widget-container\">\n\t\t\t\t\t\t\t<p>SDG Juicer \u00e8 una piattaforma in cloud che permette \u2013 tramite il supporto dell\u2019Intelligenza Artificiale \u2013 di <strong>misurare l\u2019impatto sociale e ambientale<\/strong> dell\u2019azienda estraendo i metadati relativi agli SDGs dell\u2019ONU.<\/p><p>Con SDG Juicer puoi prendere quindi <strong>decisioni informate e strategiche<\/strong> per allinearsi con gli obiettivi dell\u2019<strong>Agenda 2030 dell\u2019ONU<\/strong>, contribuendo cos\u00ec a un futuro pi\u00f9 sostenibile e responsabile, rendendo cos\u00ec l\u2019impresa pi\u00f9 etica e competitiva.<\/p>\t\t\t\t\t\t<\/div>\n\t\t\t\t<\/div>\n\t\t\t\t<\/div>\n\t\t\t\t<\/div>\n\t\t\t\t\t<\/div>\n\t\t\t\t<\/div>\n\t\t<div class=\"elementor-element elementor-element-2c4eef5 e-flex e-con-boxed e-con e-parent\" data-id=\"2c4eef5\" data-element_type=\"container\" data-settings=\"{&quot;background_background&quot;:&quot;classic&quot;}\">\n\t\t\t\t\t<div class=\"e-con-inner\">\n\t\t<div class=\"elementor-element elementor-element-a064c5d e-con-full e-flex e-con e-child\" data-id=\"a064c5d\" data-element_type=\"container\">\n\t\t<div class=\"elementor-element elementor-element-5bcd877 e-con-full e-flex e-con e-child\" data-id=\"5bcd877\" data-element_type=\"container\">\n\t\t\t\t<div class=\"elementor-element elementor-element-8569ccf elementor-widget elementor-widget-heading\" data-id=\"8569ccf\" data-element_type=\"widget\" data-widget_type=\"heading.default\">\n\t\t\t\t<div class=\"elementor-widget-container\">\n\t\t\t<h3 class=\"elementor-heading-title elementor-size-default\">CARATTERISTICHE<\/h3>\t\t<\/div>\n\t\t\t\t<\/div>\n\t\t\t\t<div class=\"elementor-element elementor-element-b866768 elementor-invisible elementor-widget elementor-widget-image\" data-id=\"b866768\" data-element_type=\"widget\" data-settings=\"{&quot;_animation&quot;:&quot;slideInLeft&quot;}\" data-widget_type=\"image.default\">\n\t\t\t\t<div class=\"elementor-widget-container\">\n\t\t\t\t\t\t\t\t\t\t\t\t\t<img decoding=\"async\" width=\"1001\" height=\"190\" src=\"https:\/\/ovum.ai\/wp-content\/uploads\/2024\/03\/Tavola-disegno-10-copia@2x.png\" class=\"attachment-full size-full wp-image-16\" alt=\"\" srcset=\"https:\/\/ovum.ai\/wp-content\/uploads\/2024\/03\/Tavola-disegno-10-copia@2x.png 1001w, https:\/\/ovum.ai\/wp-content\/uploads\/2024\/03\/Tavola-disegno-10-copia@2x-300x57.png 300w, https:\/\/ovum.ai\/wp-content\/uploads\/2024\/03\/Tavola-disegno-10-copia@2x-768x146.png 768w\" sizes=\"(max-width: 1001px) 100vw, 1001px\" \/>\t\t\t\t\t\t\t\t\t\t\t\t\t<\/div>\n\t\t\t\t<\/div>\n\t\t\t\t<div class=\"elementor-element elementor-element-1eb5e58 elementor-widget elementor-widget-text-editor\" data-id=\"1eb5e58\" data-element_type=\"widget\" data-widget_type=\"text-editor.default\">\n\t\t\t\t<div class=\"elementor-widget-container\">\n\t\t\t\t\t\t\t<ul><li>Interfaccia utente intuitiva;<\/li><li>Nessuna installazione necessaria;<\/li><li>Multilingua e multiformato;<\/li><li>Disponibile a partire da 270\u20ac\/Mese.<\/li><\/ul>\t\t\t\t\t\t<\/div>\n\t\t\t\t<\/div>\n\t\t\t\t<\/div>\n\t\t<div class=\"elementor-element elementor-element-7e8dcfc e-con-full e-flex e-con e-child\" data-id=\"7e8dcfc\" data-element_type=\"container\">\n\t\t\t\t<div class=\"elementor-element elementor-element-6f82640 elementor-invisible elementor-widget elementor-widget-image\" data-id=\"6f82640\" data-element_type=\"widget\" data-settings=\"{&quot;_animation&quot;:&quot;zoomIn&quot;}\" data-widget_type=\"image.default\">\n\t\t\t\t<div class=\"elementor-widget-container\">\n\t\t\t\t\t\t\t\t\t\t\t\t\t<img loading=\"lazy\" decoding=\"async\" width=\"800\" height=\"472\" src=\"https:\/\/ovum.ai\/wp-content\/uploads\/2024\/05\/pc2-1024x604.png\" class=\"attachment-large size-large wp-image-506\" alt=\"\" srcset=\"https:\/\/ovum.ai\/wp-content\/uploads\/2024\/05\/pc2-1024x604.png 1024w, https:\/\/ovum.ai\/wp-content\/uploads\/2024\/05\/pc2-300x177.png 300w, https:\/\/ovum.ai\/wp-content\/uploads\/2024\/05\/pc2-768x453.png 768w, https:\/\/ovum.ai\/wp-content\/uploads\/2024\/05\/pc2-1536x905.png 1536w, https:\/\/ovum.ai\/wp-content\/uploads\/2024\/05\/pc2.png 1890w\" sizes=\"(max-width: 800px) 100vw, 800px\" \/>\t\t\t\t\t\t\t\t\t\t\t\t\t<\/div>\n\t\t\t\t<\/div>\n\t\t\t\t<\/div>\n\t\t\t\t<\/div>\n\t\t\t\t\t<\/div>\n\t\t\t\t<\/div>\n\t\t<div class=\"elementor-element elementor-element-cfa06ff e-flex e-con-boxed e-con e-parent\" data-id=\"cfa06ff\" data-element_type=\"container\" data-settings=\"{&quot;background_background&quot;:&quot;classic&quot;}\">\n\t\t\t\t\t<div class=\"e-con-inner\">\n\t\t\t\t<div class=\"elementor-element elementor-element-e58190c elementor-align-center elementor-invisible elementor-widget elementor-widget-button\" data-id=\"e58190c\" data-element_type=\"widget\" data-settings=\"{&quot;_animation&quot;:&quot;zoomIn&quot;}\" data-widget_type=\"button.default\">\n\t\t\t\t<div class=\"elementor-widget-container\">\n\t\t\t\t\t<div class=\"elementor-button-wrapper\">\n\t\t\t<a class=\"elementor-button elementor-button-link elementor-size-sm\" href=\"https:\/\/ovum.ai\/index.php\/contattaci\/\">\n\t\t\t\t\t\t<span class=\"elementor-button-content-wrapper\">\n\t\t\t\t\t\t\t\t\t<span class=\"elementor-button-text\">Contattaci<\/span>\n\t\t\t\t\t<\/span>\n\t\t\t\t\t<\/a>\n\t\t<\/div>\n\t\t\t\t<\/div>\n\t\t\t\t<\/div>\n\t\t\t\t\t<\/div>\n\t\t\t\t<\/div>\n\t\t\t\t<\/div>\n\t\t","protected":false},"excerpt":{"rendered":"<p>SDG JUICER La piattaforma che misura la sostenibilit\u00e0 aziendale SDG Juicer \u00e8 la 1a piattaforma che estrae gli SDG \u2013 Sustainable Development Goals \u2013 dai documenti aziendali proponendo suggerimenti per il miglioramento dell\u2019impatto aziendale tramite Intelligenza Artificiale. vai al sito COS\u2019\u00c8 SDG JUICER? SDG Juicer \u00e8 una piattaforma in cloud che permette \u2013 tramite il [&hellip;]<\/p>\n","protected":false},"author":1,"featured_media":0,"parent":0,"menu_order":0,"comment_status":"closed","ping_status":"closed","template":"elementor_header_footer","meta":{"footnotes":""},"yoast_head":"<!-- This site is optimized with the Yoast SEO plugin v23.0 - https:\/\/yoast.com\/wordpress\/plugins\/seo\/ -->\n<title>SDG Juicer - Ovum AI<\/title>\n<meta name=\"description\" content=\"SDG Juicer \u00e8 la 1a piattaforma che estrae gli SDG dai documenti aziendali proponendo miglioramenti tramite Intelligenza Artificiale.\" \/>\n<meta name=\"robots\" content=\"index, follow, max-snippet:-1, max-image-preview:large, max-video-preview:-1\" \/>\n<link rel=\"canonical\" href=\"https:\/\/ovum.ai\/index.php\/sdg-juicer\/\" \/>\n<meta property=\"og:locale\" content=\"it_IT\" \/>\n<meta property=\"og:type\" content=\"article\" \/>\n<meta property=\"og:title\" content=\"SDG Juicer - Ovum AI\" \/>\n<meta property=\"og:description\" content=\"SDG Juicer \u00e8 la 1a piattaforma che estrae gli SDG dai documenti aziendali proponendo miglioramenti tramite Intelligenza Artificiale.\" \/>\n<meta property=\"og:url\" content=\"https:\/\/ovum.ai\/index.php\/sdg-juicer\/\" \/>\n<meta property=\"og:site_name\" content=\"Ovum AI\" \/>\n<meta property=\"article:modified_time\" content=\"2024-06-25T13:32:37+00:00\" \/>\n<meta property=\"og:image\" content=\"https:\/\/ovum.ai\/wp-content\/uploads\/2024\/05\/sdgJuicer-color.svg\" \/>\n<meta name=\"twitter:card\" content=\"summary_large_image\" \/>\n<meta name=\"twitter:label1\" content=\"Tempo di lettura stimato\" \/>\n\t<meta name=\"twitter:data1\" content=\"2 minuti\" \/>\n<script type=\"application\/ld+json\" class=\"yoast-schema-graph\">{\"@context\":\"https:\/\/schema.org\",\"@graph\":[{\"@type\":\"WebPage\",\"@id\":\"https:\/\/ovum.ai\/index.php\/sdg-juicer\/\",\"url\":\"https:\/\/ovum.ai\/index.php\/sdg-juicer\/\",\"name\":\"SDG Juicer - Ovum AI\",\"isPartOf\":{\"@id\":\"https:\/\/ovum.ai\/#website\"},\"primaryImageOfPage\":{\"@id\":\"https:\/\/ovum.ai\/index.php\/sdg-juicer\/#primaryimage\"},\"image\":{\"@id\":\"https:\/\/ovum.ai\/index.php\/sdg-juicer\/#primaryimage\"},\"thumbnailUrl\":\"https:\/\/ovum.ai\/wp-content\/uploads\/2024\/05\/sdgJuicer-color.svg\",\"datePublished\":\"2024-05-27T15:18:17+00:00\",\"dateModified\":\"2024-06-25T13:32:37+00:00\",\"description\":\"SDG Juicer \u00e8 la 1a piattaforma che estrae gli SDG dai documenti aziendali proponendo miglioramenti tramite Intelligenza Artificiale.\",\"breadcrumb\":{\"@id\":\"https:\/\/ovum.ai\/index.php\/sdg-juicer\/#breadcrumb\"},\"inLanguage\":\"it-IT\",\"potentialAction\":[{\"@type\":\"ReadAction\",\"target\":[\"https:\/\/ovum.ai\/index.php\/sdg-juicer\/\"]}]},{\"@type\":\"ImageObject\",\"inLanguage\":\"it-IT\",\"@id\":\"https:\/\/ovum.ai\/index.php\/sdg-juicer\/#primaryimage\",\"url\":\"https:\/\/ovum.ai\/wp-content\/uploads\/2024\/05\/sdgJuicer-color.svg\",\"contentUrl\":\"https:\/\/ovum.ai\/wp-content\/uploads\/2024\/05\/sdgJuicer-color.svg\",\"width\":992,\"height\":275},{\"@type\":\"BreadcrumbList\",\"@id\":\"https:\/\/ovum.ai\/index.php\/sdg-juicer\/#breadcrumb\",\"itemListElement\":[{\"@type\":\"ListItem\",\"position\":1,\"name\":\"Home\",\"item\":\"https:\/\/ovum.ai\/\"},{\"@type\":\"ListItem\",\"position\":2,\"name\":\"SDG Juicer\"}]},{\"@type\":\"WebSite\",\"@id\":\"https:\/\/ovum.ai\/#website\",\"url\":\"https:\/\/ovum.ai\/\",\"name\":\"Ovum AI\",\"description\":\"AI Startup Factory\",\"potentialAction\":[{\"@type\":\"SearchAction\",\"target\":{\"@type\":\"EntryPoint\",\"urlTemplate\":\"https:\/\/ovum.ai\/?s={search_term_string}\"},\"query-input\":\"required name=search_term_string\"}],\"inLanguage\":\"it-IT\"}]}<\/script>\n<!-- \/ Yoast SEO plugin. -->","yoast_head_json":{"title":"SDG Juicer - Ovum AI","description":"SDG Juicer \u00e8 la 1a piattaforma che estrae gli SDG dai documenti aziendali proponendo miglioramenti tramite Intelligenza Artificiale.","robots":{"index":"index","follow":"follow","max-snippet":"max-snippet:-1","max-image-preview":"max-image-preview:large","max-video-preview":"max-video-preview:-1"},"canonical":"https:\/\/ovum.ai\/index.php\/sdg-juicer\/","og_locale":"it_IT","og_type":"article","og_title":"SDG Juicer - Ovum AI","og_description":"SDG Juicer \u00e8 la 1a piattaforma che estrae gli SDG dai documenti aziendali proponendo miglioramenti tramite Intelligenza Artificiale.","og_url":"https:\/\/ovum.ai\/index.php\/sdg-juicer\/","og_site_name":"Ovum AI","article_modified_time":"2024-06-25T13:32:37+00:00","og_image":[{"url":"https:\/\/ovum.ai\/wp-content\/uploads\/2024\/05\/sdgJuicer-color.svg"}],"twitter_card":"summary_large_image","twitter_misc":{"Tempo di lettura stimato":"2 minuti"},"schema":{"@context":"https:\/\/schema.org","@graph":[{"@type":"WebPage","@id":"https:\/\/ovum.ai\/index.php\/sdg-juicer\/","url":"https:\/\/ovum.ai\/index.php\/sdg-juicer\/","name":"SDG Juicer - Ovum AI","isPartOf":{"@id":"https:\/\/ovum.ai\/#website"},"primaryImageOfPage":{"@id":"https:\/\/ovum.ai\/index.php\/sdg-juicer\/#primaryimage"},"image":{"@id":"https:\/\/ovum.ai\/index.php\/sdg-juicer\/#primaryimage"},"thumbnailUrl":"https:\/\/ovum.ai\/wp-content\/uploads\/2024\/05\/sdgJuicer-color.svg","datePublished":"2024-05-27T15:18:17+00:00","dateModified":"2024-06-25T13:32:37+00:00","description":"SDG Juicer \u00e8 la 1a piattaforma che estrae gli SDG dai documenti aziendali proponendo miglioramenti tramite Intelligenza Artificiale.","breadcrumb":{"@id":"https:\/\/ovum.ai\/index.php\/sdg-juicer\/#breadcrumb"},"inLanguage":"it-IT","potentialAction":[{"@type":"ReadAction","target":["https:\/\/ovum.ai\/index.php\/sdg-juicer\/"]}]},{"@type":"ImageObject","inLanguage":"it-IT","@id":"https:\/\/ovum.ai\/index.php\/sdg-juicer\/#primaryimage","url":"https:\/\/ovum.ai\/wp-content\/uploads\/2024\/05\/sdgJuicer-color.svg","contentUrl":"https:\/\/ovum.ai\/wp-content\/uploads\/2024\/05\/sdgJuicer-color.svg","width":992,"height":275},{"@type":"BreadcrumbList","@id":"https:\/\/ovum.ai\/index.php\/sdg-juicer\/#breadcrumb","itemListElement":[{"@type":"ListItem","position":1,"name":"Home","item":"https:\/\/ovum.ai\/"},{"@type":"ListItem","position":2,"name":"SDG Juicer"}]},{"@type":"WebSite","@id":"https:\/\/ovum.ai\/#website","url":"https:\/\/ovum.ai\/","name":"Ovum AI","description":"AI Startup Factory","potentialAction":[{"@type":"SearchAction","target":{"@type":"EntryPoint","urlTemplate":"https:\/\/ovum.ai\/?s={search_term_string}"},"query-input":"required name=search_term_string"}],"inLanguage":"it-IT"}]}},"_links":{"self":[{"href":"https:\/\/ovum.ai\/index.php\/wp-json\/wp\/v2\/pages\/501"}],"collection":[{"href":"https:\/\/ovum.ai\/index.php\/wp-json\/wp\/v2\/pages"}],"about":[{"href":"https:\/\/ovum.ai\/index.php\/wp-json\/wp\/v2\/types\/page"}],"author":[{"embeddable":true,"href":"https:\/\/ovum.ai\/index.php\/wp-json\/wp\/v2\/users\/1"}],"replies":[{"embeddable":true,"href":"https:\/\/ovum.ai\/index.php\/wp-json\/wp\/v2\/comments?post=501"}],"version-history":[{"count":62,"href":"https:\/\/ovum.ai\/index.php\/wp-json\/wp\/v2\/pages\/501\/revisions"}],"predecessor-version":[{"id":1130,"href":"https:\/\/ovum.ai\/index.php\/wp-json\/wp\/v2\/pages\/501\/revisions\/1130"}],"wp:attachment":[{"href":"https:\/\/ovum.ai\/index.php\/wp-json\/wp\/v2\/media?parent=501"}],"curies":[{"name":"wp","href":"https:\/\/api.w.org\/{rel}","templated":true}]}}